{"id":497,"date":"2021-11-24T15:26:30","date_gmt":"2021-11-24T15:26:30","guid":{"rendered":"https:\/\/souvenir.lmhiglobal.org\/?page_id=497"},"modified":"2021-11-25T15:27:41","modified_gmt":"2021-11-25T15:27:41","slug":"organising-board","status":"publish","type":"page","link":"https:\/\/souvenir.lmhiglobal.org\/index.php\/organising-board\/","title":{"rendered":"Organising Board"},"content":{"rendered":"\t\t<div data-elementor-type=\"wp-page\" data-elementor-id=\"497\" class=\"elementor elementor-497\">\n\t\t\t\t\t\t<section class=\"elementor-section elementor-top-section elementor-element elementor-element-5fb6dc9 elementor-section-boxed elementor-section-height-default elementor-section-height-default\" data-id=\"5fb6dc9\" data-element_type=\"section\" data-e-type=\"section\">\n\t\t\t\t\t\t<div class=\"elementor-container elementor-column-gap-default\">\n\t\t\t\t\t<div class=\"elementor-column elementor-col-100 elementor-top-column elementor-element elementor-element-4a689b1\" data-id=\"4a689b1\" data-element_type=\"column\" data-e-type=\"column\">\n\t\t\t<div class=\"elementor-widget-wrap elementor-element-populated\">\n\t\t\t\t\t\t<div class=\"elementor-element elementor-element-f29c4dc elementor-widget elementor-widget-heading\" data-id=\"f29c4dc\" data-element_type=\"widget\" data-e-type=\"widget\" data-widget_type=\"heading.default\">\n\t\t\t\t<div class=\"elementor-widget-container\">\n\t\t\t\t\t<h2 class=\"elementor-heading-title elementor-size-default\">Organising Board<\/h2>\t\t\t\t<\/div>\n\t\t\t\t<\/div>\n\t\t\t\t\t<\/div>\n\t\t<\/div>\n\t\t\t\t\t<\/div>\n\t\t<\/section>\n\t\t\t\t<section class=\"elementor-section elementor-top-section elementor-element elementor-element-248ca0a elementor-section-stretched elementor-section-boxed elementor-section-height-default elementor-section-height-default\" data-id=\"248ca0a\" data-element_type=\"section\" data-e-type=\"section\" data-settings=\"{&quot;stretch_section&quot;:&quot;section-stretched&quot;}\">\n\t\t\t\t\t\t<div class=\"elementor-container elementor-column-gap-default\">\n\t\t\t\t\t<div class=\"elementor-column elementor-col-16 elementor-top-column elementor-element elementor-element-b91ee29\" data-id=\"b91ee29\" data-element_type=\"column\" data-e-type=\"column\">\n\t\t\t<div class=\"elementor-widget-wrap elementor-element-populated\">\n\t\t\t\t\t\t<div class=\"elementor-element elementor-element-f57d312 elementor-widget elementor-widget-image\" data-id=\"f57d312\" data-element_type=\"widget\" data-e-type=\"widget\" data-widget_type=\"image.default\">\n\t\t\t\t<div class=\"elementor-widget-container\">\n\t\t\t\t\t\t\t\t\t\t\t\t<figure class=\"wp-caption\">\n\t\t\t\t\t\t\t\t\t\t<img decoding=\"async\" width=\"150\" height=\"150\" src=\"https:\/\/souvenir.lmhiglobal.org\/wp-content\/uploads\/2021\/11\/gustavo-cataldi1-150x150.jpg\" class=\"attachment-thumbnail size-thumbnail wp-image-712\" alt=\"\" srcset=\"https:\/\/souvenir.lmhiglobal.org\/wp-content\/uploads\/2021\/11\/gustavo-cataldi1-150x150.jpg 150w, https:\/\/souvenir.lmhiglobal.org\/wp-content\/uploads\/2021\/11\/gustavo-cataldi1.jpg 274w\" sizes=\"(max-width: 150px) 100vw, 150px\" \/>\t\t\t\t\t\t\t\t\t\t\t<figcaption class=\"widget-image-caption wp-caption-text\">Dr. Gustavo Cataldi, President<\/figcaption>\n\t\t\t\t\t\t\t\t\t\t<\/figure>\n\t\t\t\t\t\t\t\t\t<\/div>\n\t\t\t\t<\/div>\n\t\t\t\t\t<\/div>\n\t\t<\/div>\n\t\t\t\t<div class=\"elementor-column elementor-col-16 elementor-top-column elementor-element elementor-element-7147528\" data-id=\"7147528\" data-element_type=\"column\" data-e-type=\"column\">\n\t\t\t<div class=\"elementor-widget-wrap elementor-element-populated\">\n\t\t\t\t\t\t<div class=\"elementor-element elementor-element-6d84332 elementor-widget elementor-widget-image\" data-id=\"6d84332\" data-element_type=\"widget\" data-e-type=\"widget\" data-widget_type=\"image.default\">\n\t\t\t\t<div class=\"elementor-widget-container\">\n\t\t\t\t\t\t\t\t\t\t\t\t<figure class=\"wp-caption\">\n\t\t\t\t\t\t\t\t\t\t<img decoding=\"async\" width=\"150\" height=\"150\" src=\"https:\/\/souvenir.lmhiglobal.org\/wp-content\/uploads\/2021\/11\/Altunay1-150x150.jpg\" class=\"attachment-thumbnail size-thumbnail wp-image-708\" alt=\"\" srcset=\"https:\/\/souvenir.lmhiglobal.org\/wp-content\/uploads\/2021\/11\/Altunay1-150x150.jpg 150w, https:\/\/souvenir.lmhiglobal.org\/wp-content\/uploads\/2021\/11\/Altunay1.jpg 203w\" sizes=\"(max-width: 150px) 100vw, 150px\" \/>\t\t\t\t\t\t\t\t\t\t\t<figcaption class=\"widget-image-caption wp-caption-text\">Dr. Altunay A\u011fao\u011flu, Vice- President<\/figcaption>\n\t\t\t\t\t\t\t\t\t\t<\/figure>\n\t\t\t\t\t\t\t\t\t<\/div>\n\t\t\t\t<\/div>\n\t\t\t\t\t<\/div>\n\t\t<\/div>\n\t\t\t\t<div class=\"elementor-column elementor-col-16 elementor-top-column elementor-element elementor-element-64bbd31\" data-id=\"64bbd31\" data-element_type=\"column\" data-e-type=\"column\">\n\t\t\t<div class=\"elementor-widget-wrap elementor-element-populated\">\n\t\t\t\t\t\t<div class=\"elementor-element elementor-element-d544531 elementor-widget elementor-widget-image\" data-id=\"d544531\" data-element_type=\"widget\" data-e-type=\"widget\" data-widget_type=\"image.default\">\n\t\t\t\t<div class=\"elementor-widget-container\">\n\t\t\t\t\t\t\t\t\t\t\t\t<figure class=\"wp-caption\">\n\t\t\t\t\t\t\t\t\t\t<img decoding=\"async\" width=\"150\" height=\"150\" src=\"https:\/\/souvenir.lmhiglobal.org\/wp-content\/uploads\/2021\/11\/Dr._Bernardo_Merizalde-150x150.jpg\" class=\"attachment-thumbnail size-thumbnail wp-image-709\" alt=\"\" srcset=\"https:\/\/souvenir.lmhiglobal.org\/wp-content\/uploads\/2021\/11\/Dr._Bernardo_Merizalde-150x150.jpg 150w, https:\/\/souvenir.lmhiglobal.org\/wp-content\/uploads\/2021\/11\/Dr._Bernardo_Merizalde-300x300.jpg 300w, https:\/\/souvenir.lmhiglobal.org\/wp-content\/uploads\/2021\/11\/Dr._Bernardo_Merizalde.jpg 379w\" sizes=\"(max-width: 150px) 100vw, 150px\" \/>\t\t\t\t\t\t\t\t\t\t\t<figcaption class=\"widget-image-caption wp-caption-text\">Dr. Bernardo Merizalde, General Secretary<\/figcaption>\n\t\t\t\t\t\t\t\t\t\t<\/figure>\n\t\t\t\t\t\t\t\t\t<\/div>\n\t\t\t\t<\/div>\n\t\t\t\t\t<\/div>\n\t\t<\/div>\n\t\t\t\t<div class=\"elementor-column elementor-col-16 elementor-top-column elementor-element elementor-element-1506395\" data-id=\"1506395\" data-element_type=\"column\" data-e-type=\"column\">\n\t\t\t<div class=\"elementor-widget-wrap elementor-element-populated\">\n\t\t\t\t\t\t<div class=\"elementor-element elementor-element-660ea27 elementor-widget elementor-widget-image\" data-id=\"660ea27\" data-element_type=\"widget\" data-e-type=\"widget\" data-widget_type=\"image.default\">\n\t\t\t\t<div class=\"elementor-widget-container\">\n\t\t\t\t\t\t\t\t\t\t\t\t<figure class=\"wp-caption\">\n\t\t\t\t\t\t\t\t\t\t<img loading=\"lazy\" decoding=\"async\" width=\"150\" height=\"150\" src=\"https:\/\/souvenir.lmhiglobal.org\/wp-content\/uploads\/2021\/11\/monika_kolsch-150x150.jpg\" class=\"attachment-thumbnail size-thumbnail wp-image-710\" alt=\"\" srcset=\"https:\/\/souvenir.lmhiglobal.org\/wp-content\/uploads\/2021\/11\/monika_kolsch-150x150.jpg 150w, https:\/\/souvenir.lmhiglobal.org\/wp-content\/uploads\/2021\/11\/monika_kolsch-300x300.jpg 300w, https:\/\/souvenir.lmhiglobal.org\/wp-content\/uploads\/2021\/11\/monika_kolsch.jpg 663w\" sizes=\"(max-width: 150px) 100vw, 150px\" \/>\t\t\t\t\t\t\t\t\t\t\t<figcaption class=\"widget-image-caption wp-caption-text\">Dr. Monika K\u00f6lsch, Treasurer<\/figcaption>\n\t\t\t\t\t\t\t\t\t\t<\/figure>\n\t\t\t\t\t\t\t\t\t<\/div>\n\t\t\t\t<\/div>\n\t\t\t\t\t<\/div>\n\t\t<\/div>\n\t\t\t\t<div class=\"elementor-column elementor-col-16 elementor-top-column elementor-element elementor-element-ed70a00\" data-id=\"ed70a00\" data-element_type=\"column\" data-e-type=\"column\">\n\t\t\t<div class=\"elementor-widget-wrap elementor-element-populated\">\n\t\t\t\t\t\t<div class=\"elementor-element elementor-element-18c7753 elementor-widget elementor-widget-image\" data-id=\"18c7753\" data-element_type=\"widget\" data-e-type=\"widget\" data-widget_type=\"image.default\">\n\t\t\t\t<div class=\"elementor-widget-container\">\n\t\t\t\t\t\t\t\t\t\t\t\t<figure class=\"wp-caption\">\n\t\t\t\t\t\t\t\t\t\t<img loading=\"lazy\" decoding=\"async\" width=\"150\" height=\"150\" src=\"https:\/\/souvenir.lmhiglobal.org\/wp-content\/uploads\/2021\/11\/Alok_pareek-150x150.png\" class=\"attachment-thumbnail size-thumbnail wp-image-737\" alt=\"\" srcset=\"https:\/\/souvenir.lmhiglobal.org\/wp-content\/uploads\/2021\/11\/Alok_pareek-150x150.png 150w, https:\/\/souvenir.lmhiglobal.org\/wp-content\/uploads\/2021\/11\/Alok_pareek.png 211w\" sizes=\"(max-width: 150px) 100vw, 150px\" \/>\t\t\t\t\t\t\t\t\t\t\t<figcaption class=\"widget-image-caption wp-caption-text\">Dr. Alok Pareek, Immd. Past President<\/figcaption>\n\t\t\t\t\t\t\t\t\t\t<\/figure>\n\t\t\t\t\t\t\t\t\t<\/div>\n\t\t\t\t<\/div>\n\t\t\t\t\t<\/div>\n\t\t<\/div>\n\t\t\t\t<div class=\"elementor-column elementor-col-16 elementor-top-column elementor-element elementor-element-8c0db2e\" data-id=\"8c0db2e\" data-element_type=\"column\" data-e-type=\"column\">\n\t\t\t<div class=\"elementor-widget-wrap elementor-element-populated\">\n\t\t\t\t\t\t<div class=\"elementor-element elementor-element-1d6ed03 elementor-widget elementor-widget-image\" data-id=\"1d6ed03\" data-element_type=\"widget\" data-e-type=\"widget\" data-widget_type=\"image.default\">\n\t\t\t\t<div class=\"elementor-widget-container\">\n\t\t\t\t\t\t\t\t\t\t\t\t<figure class=\"wp-caption\">\n\t\t\t\t\t\t\t\t\t\t<img loading=\"lazy\" decoding=\"async\" width=\"150\" height=\"150\" src=\"https:\/\/souvenir.lmhiglobal.org\/wp-content\/uploads\/2021\/11\/manchanda1-150x150.jpg\" class=\"attachment-thumbnail size-thumbnail wp-image-707\" alt=\"\" srcset=\"https:\/\/souvenir.lmhiglobal.org\/wp-content\/uploads\/2021\/11\/manchanda1-150x150.jpg 150w, https:\/\/souvenir.lmhiglobal.org\/wp-content\/uploads\/2021\/11\/manchanda1-300x300.jpg 300w, https:\/\/souvenir.lmhiglobal.org\/wp-content\/uploads\/2021\/11\/manchanda1.jpg 449w\" sizes=\"(max-width: 150px) 100vw, 150px\" \/>\t\t\t\t\t\t\t\t\t\t\t<figcaption class=\"widget-image-caption wp-caption-text\">Dr. Raj K. Manchanda, Secy. for Comm. &amp; Info.<\/figcaption>\n\t\t\t\t\t\t\t\t\t\t<\/figure>\n\t\t\t\t\t\t\t\t\t<\/div>\n\t\t\t\t<\/div>\n\t\t\t\t\t<\/div>\n\t\t<\/div>\n\t\t\t\t\t<\/div>\n\t\t<\/section>\n\t\t\t\t<section class=\"elementor-section elementor-top-section elementor-element elementor-element-648bffd elementor-section-stretched elementor-section-boxed elementor-section-height-default elementor-section-height-default\" data-id=\"648bffd\" data-element_type=\"section\" data-e-type=\"section\" data-settings=\"{&quot;stretch_section&quot;:&quot;section-stretched&quot;}\">\n\t\t\t\t\t\t<div class=\"elementor-container elementor-column-gap-default\">\n\t\t\t\t\t<div class=\"elementor-column elementor-col-16 elementor-top-column elementor-element elementor-element-32ff0db\" data-id=\"32ff0db\" data-element_type=\"column\" data-e-type=\"column\">\n\t\t\t<div class=\"elementor-widget-wrap elementor-element-populated\">\n\t\t\t\t\t\t<div class=\"elementor-element elementor-element-e71a396 elementor-widget elementor-widget-image\" data-id=\"e71a396\" data-element_type=\"widget\" data-e-type=\"widget\" data-widget_type=\"image.default\">\n\t\t\t\t<div class=\"elementor-widget-container\">\n\t\t\t\t\t\t\t\t\t\t\t\t<figure class=\"wp-caption\">\n\t\t\t\t\t\t\t\t\t\t<img loading=\"lazy\" decoding=\"async\" width=\"150\" height=\"150\" src=\"https:\/\/souvenir.lmhiglobal.org\/wp-content\/uploads\/2021\/11\/ashley-ross-150x150.png\" class=\"attachment-thumbnail size-thumbnail wp-image-744\" alt=\"\" srcset=\"https:\/\/souvenir.lmhiglobal.org\/wp-content\/uploads\/2021\/11\/ashley-ross-150x150.png 150w, https:\/\/souvenir.lmhiglobal.org\/wp-content\/uploads\/2021\/11\/ashley-ross.png 171w\" sizes=\"(max-width: 150px) 100vw, 150px\" \/>\t\t\t\t\t\t\t\t\t\t\t<figcaption class=\"widget-image-caption wp-caption-text\">Prof. Dr. Ashley Ross, Secretary for Research<\/figcaption>\n\t\t\t\t\t\t\t\t\t\t<\/figure>\n\t\t\t\t\t\t\t\t\t<\/div>\n\t\t\t\t<\/div>\n\t\t\t\t\t<\/div>\n\t\t<\/div>\n\t\t\t\t<div class=\"elementor-column elementor-col-16 elementor-top-column elementor-element elementor-element-b46aa8c\" data-id=\"b46aa8c\" data-element_type=\"column\" data-e-type=\"column\">\n\t\t\t<div class=\"elementor-widget-wrap elementor-element-populated\">\n\t\t\t\t\t\t<div class=\"elementor-element elementor-element-21f736e elementor-widget elementor-widget-image\" data-id=\"21f736e\" data-element_type=\"widget\" data-e-type=\"widget\" data-widget_type=\"image.default\">\n\t\t\t\t<div class=\"elementor-widget-container\">\n\t\t\t\t\t\t\t\t\t\t\t\t<figure class=\"wp-caption\">\n\t\t\t\t\t\t\t\t\t\t<img loading=\"lazy\" decoding=\"async\" width=\"150\" height=\"150\" src=\"https:\/\/souvenir.lmhiglobal.org\/wp-content\/uploads\/2021\/11\/claudia-garn-150x150.jpg\" class=\"attachment-thumbnail size-thumbnail wp-image-745\" alt=\"\" srcset=\"https:\/\/souvenir.lmhiglobal.org\/wp-content\/uploads\/2021\/11\/claudia-garn-150x150.jpg 150w, https:\/\/souvenir.lmhiglobal.org\/wp-content\/uploads\/2021\/11\/claudia-garn-300x300.jpg 300w, https:\/\/souvenir.lmhiglobal.org\/wp-content\/uploads\/2021\/11\/claudia-garn.jpg 620w\" sizes=\"(max-width: 150px) 100vw, 150px\" \/>\t\t\t\t\t\t\t\t\t\t\t<figcaption class=\"widget-image-caption wp-caption-text\">Dr. Claudia Garn, Secretary for Education<\/figcaption>\n\t\t\t\t\t\t\t\t\t\t<\/figure>\n\t\t\t\t\t\t\t\t\t<\/div>\n\t\t\t\t<\/div>\n\t\t\t\t\t<\/div>\n\t\t<\/div>\n\t\t\t\t<div class=\"elementor-column elementor-col-16 elementor-top-column elementor-element elementor-element-9fce321\" data-id=\"9fce321\" data-element_type=\"column\" data-e-type=\"column\">\n\t\t\t<div class=\"elementor-widget-wrap elementor-element-populated\">\n\t\t\t\t\t\t<div class=\"elementor-element elementor-element-360ac71 elementor-widget elementor-widget-image\" data-id=\"360ac71\" data-element_type=\"widget\" data-e-type=\"widget\" data-widget_type=\"image.default\">\n\t\t\t\t<div class=\"elementor-widget-container\">\n\t\t\t\t\t\t\t\t\t\t\t\t<figure class=\"wp-caption\">\n\t\t\t\t\t\t\t\t\t\t<img loading=\"lazy\" decoding=\"async\" width=\"150\" height=\"150\" src=\"https:\/\/souvenir.lmhiglobal.org\/wp-content\/uploads\/2021\/11\/Gloria-150x150.jpg\" class=\"attachment-thumbnail size-thumbnail wp-image-760\" alt=\"\" srcset=\"https:\/\/souvenir.lmhiglobal.org\/wp-content\/uploads\/2021\/11\/Gloria-150x150.jpg 150w, https:\/\/souvenir.lmhiglobal.org\/wp-content\/uploads\/2021\/11\/Gloria-300x300.jpg 300w, https:\/\/souvenir.lmhiglobal.org\/wp-content\/uploads\/2021\/11\/Gloria-768x767.jpg 768w, https:\/\/souvenir.lmhiglobal.org\/wp-content\/uploads\/2021\/11\/Gloria.jpg 1014w\" sizes=\"(max-width: 150px) 100vw, 150px\" \/>\t\t\t\t\t\t\t\t\t\t\t<figcaption class=\"widget-image-caption wp-caption-text\">Dr. Gloria Feighelstein, Dentistry<\/figcaption>\n\t\t\t\t\t\t\t\t\t\t<\/figure>\n\t\t\t\t\t\t\t\t\t<\/div>\n\t\t\t\t<\/div>\n\t\t\t\t\t<\/div>\n\t\t<\/div>\n\t\t\t\t<div class=\"elementor-column elementor-col-16 elementor-top-column elementor-element elementor-element-584539e\" data-id=\"584539e\" data-element_type=\"column\" data-e-type=\"column\">\n\t\t\t<div class=\"elementor-widget-wrap elementor-element-populated\">\n\t\t\t\t\t\t<div class=\"elementor-element elementor-element-2a43da8 elementor-widget elementor-widget-image\" data-id=\"2a43da8\" data-element_type=\"widget\" data-e-type=\"widget\" data-widget_type=\"image.default\">\n\t\t\t\t<div class=\"elementor-widget-container\">\n\t\t\t\t\t\t\t\t\t\t\t\t<figure class=\"wp-caption\">\n\t\t\t\t\t\t\t\t\t\t<img loading=\"lazy\" decoding=\"async\" width=\"150\" height=\"150\" src=\"https:\/\/souvenir.lmhiglobal.org\/wp-content\/uploads\/2021\/11\/heike_gypser-150x150.jpeg\" class=\"attachment-thumbnail size-thumbnail wp-image-747\" alt=\"\" srcset=\"https:\/\/souvenir.lmhiglobal.org\/wp-content\/uploads\/2021\/11\/heike_gypser-150x150.jpeg 150w, https:\/\/souvenir.lmhiglobal.org\/wp-content\/uploads\/2021\/11\/heike_gypser-300x300.jpeg 300w, https:\/\/souvenir.lmhiglobal.org\/wp-content\/uploads\/2021\/11\/heike_gypser.jpeg 673w\" sizes=\"(max-width: 150px) 100vw, 150px\" \/>\t\t\t\t\t\t\t\t\t\t\t<figcaption class=\"widget-image-caption wp-caption-text\">Dr. Heike Gypser, Secretary for Pharmacy<\/figcaption>\n\t\t\t\t\t\t\t\t\t\t<\/figure>\n\t\t\t\t\t\t\t\t\t<\/div>\n\t\t\t\t<\/div>\n\t\t\t\t\t<\/div>\n\t\t<\/div>\n\t\t\t\t<div class=\"elementor-column elementor-col-16 elementor-top-column elementor-element elementor-element-166232c\" data-id=\"166232c\" data-element_type=\"column\" data-e-type=\"column\">\n\t\t\t<div class=\"elementor-widget-wrap elementor-element-populated\">\n\t\t\t\t\t\t<div class=\"elementor-element elementor-element-7c6d1e8 elementor-widget elementor-widget-image\" data-id=\"7c6d1e8\" data-element_type=\"widget\" data-e-type=\"widget\" data-widget_type=\"image.default\">\n\t\t\t\t<div class=\"elementor-widget-container\">\n\t\t\t\t\t\t\t\t\t\t\t\t<figure class=\"wp-caption\">\n\t\t\t\t\t\t\t\t\t\t<img loading=\"lazy\" decoding=\"async\" width=\"150\" height=\"150\" src=\"https:\/\/souvenir.lmhiglobal.org\/wp-content\/uploads\/2021\/11\/renzo_galassi-150x150.jpg\" class=\"attachment-thumbnail size-thumbnail wp-image-748\" alt=\"\" srcset=\"https:\/\/souvenir.lmhiglobal.org\/wp-content\/uploads\/2021\/11\/renzo_galassi-150x150.jpg 150w, https:\/\/souvenir.lmhiglobal.org\/wp-content\/uploads\/2021\/11\/renzo_galassi.jpg 204w\" sizes=\"(max-width: 150px) 100vw, 150px\" \/>\t\t\t\t\t\t\t\t\t\t\t<figcaption class=\"widget-image-caption wp-caption-text\">Dr. Renzo Galassi, Secretary for Newsletter<\/figcaption>\n\t\t\t\t\t\t\t\t\t\t<\/figure>\n\t\t\t\t\t\t\t\t\t<\/div>\n\t\t\t\t<\/div>\n\t\t\t\t\t<\/div>\n\t\t<\/div>\n\t\t\t\t<div class=\"elementor-column elementor-col-16 elementor-top-column elementor-element elementor-element-0d1aeec\" data-id=\"0d1aeec\" data-element_type=\"column\" data-e-type=\"column\">\n\t\t\t<div class=\"elementor-widget-wrap elementor-element-populated\">\n\t\t\t\t\t\t<div class=\"elementor-element elementor-element-816137e elementor-widget elementor-widget-image\" data-id=\"816137e\" data-element_type=\"widget\" data-e-type=\"widget\" data-widget_type=\"image.default\">\n\t\t\t\t<div class=\"elementor-widget-container\">\n\t\t\t\t\t\t\t\t\t\t\t\t<figure class=\"wp-caption\">\n\t\t\t\t\t\t\t\t\t\t<img loading=\"lazy\" decoding=\"async\" width=\"150\" height=\"150\" src=\"https:\/\/souvenir.lmhiglobal.org\/wp-content\/uploads\/2021\/11\/marion_baschin-150x150.png\" class=\"attachment-thumbnail size-thumbnail wp-image-749\" alt=\"\" srcset=\"https:\/\/souvenir.lmhiglobal.org\/wp-content\/uploads\/2021\/11\/marion_baschin-150x150.png 150w, https:\/\/souvenir.lmhiglobal.org\/wp-content\/uploads\/2021\/11\/marion_baschin-300x300.png 300w, https:\/\/souvenir.lmhiglobal.org\/wp-content\/uploads\/2021\/11\/marion_baschin.png 327w\" sizes=\"(max-width: 150px) 100vw, 150px\" \/>\t\t\t\t\t\t\t\t\t\t\t<figcaption class=\"widget-image-caption wp-caption-text\">Dr. Marion Baschin, Archives<\/figcaption>\n\t\t\t\t\t\t\t\t\t\t<\/figure>\n\t\t\t\t\t\t\t\t\t<\/div>\n\t\t\t\t<\/div>\n\t\t\t\t\t<\/div>\n\t\t<\/div>\n\t\t\t\t\t<\/div>\n\t\t<\/section>\n\t\t\t\t<\/div>\n\t\t","protected":false},"excerpt":{"rendered":"<p>Organising Board Dr. Gustavo Cataldi, President Dr. Altunay A\u011fao\u011flu, Vice- President Dr. Bernardo Merizalde, General Secretary Dr. Monika K\u00f6lsch, Treasurer<\/p>\n","protected":false},"author":1,"featured_media":0,"parent":0,"menu_order":0,"comment_status":"closed","ping_status":"closed","template":"","meta":{"footnotes":""},"class_list":["post-497","page","type-page","status-publish","hentry"],"_links":{"self":[{"href":"https:\/\/souvenir.lmhiglobal.org\/index.php\/wp-json\/wp\/v2\/pages\/497","targetHints":{"allow":["GET"]}}],"collection":[{"href":"https:\/\/souvenir.lmhiglobal.org\/index.php\/wp-json\/wp\/v2\/pages"}],"about":[{"href":"https:\/\/souvenir.lmhiglobal.org\/index.php\/wp-json\/wp\/v2\/types\/page"}],"author":[{"embeddable":true,"href":"https:\/\/souvenir.lmhiglobal.org\/index.php\/wp-json\/wp\/v2\/users\/1"}],"replies":[{"embeddable":true,"href":"https:\/\/souvenir.lmhiglobal.org\/index.php\/wp-json\/wp\/v2\/comments?post=497"}],"version-history":[{"count":67,"href":"https:\/\/souvenir.lmhiglobal.org\/index.php\/wp-json\/wp\/v2\/pages\/497\/revisions"}],"predecessor-version":[{"id":814,"href":"https:\/\/souvenir.lmhiglobal.org\/index.php\/wp-json\/wp\/v2\/pages\/497\/revisions\/814"}],"wp:attachment":[{"href":"https:\/\/souvenir.lmhiglobal.org\/index.php\/wp-json\/wp\/v2\/media?parent=497"}],"curies":[{"name":"wp","href":"https:\/\/api.w.org\/{rel}","templated":true}]}}